{"id":15,"date":"2025-06-16T20:45:10","date_gmt":"2025-06-16T18:45:10","guid":{"rendered":"https:\/\/233comfort.com\/?page_id=15"},"modified":"2025-08-03T17:23:56","modified_gmt":"2025-08-03T15:23:56","slug":"home","status":"publish","type":"page","link":"https:\/\/233comfort.com\/de\/","title":{"rendered":"Home"},"content":{"rendered":"<p>[et_pb_section fb_built=&#8221;1&#8243; admin_label=&#8221;Header&#8221; _builder_version=&#8221;4.27.4&#8243; _module_preset=&#8221;da5f49f5-a8db-47d7-ab1f-89e813ebdf79&#8243; background_enable_color=&#8221;off&#8221; use_background_color_gradient=&#8221;off&#8221; background_enable_image=&#8221;off&#8221; background_video_mp4=&#8221;https:\/\/233comfort.com\/wp-content\/uploads\/2025\/06\/233comfort-video-teaser.mp4&#8243; height=&#8221;897px&#8221; custom_padding=&#8221;54px||0px||false|false&#8221; animation_style=&#8221;fade&#8221; collapsed=&#8221;off&#8221; global_colors_info=&#8221;{}&#8221;][et_pb_row column_structure=&#8221;1_3,1_3,1_3&#8243; _builder_version=&#8221;4.27.4&#8243; _module_preset=&#8221;default&#8221; width=&#8221;100%&#8221; max_width=&#8221;1565px&#8221; module_alignment=&#8221;center&#8221; custom_margin=&#8221;-29px|165px||auto|false|false&#8221; custom_padding=&#8221;19px|||||&#8221; global_module=&#8221;301&#8243; saved_tabs=&#8221;all&#8221; global_colors_info=&#8221;{}&#8221;][et_pb_column type=&#8221;1_3&#8243; _builder_version=&#8221;4.27.4&#8243; _module_preset=&#8221;default&#8221; global_colors_info=&#8221;{}&#8221;][et_pb_image src=&#8221;https:\/\/233comfort.com\/wp-content\/uploads\/2025\/07\/233_COMFORT_LOGO_neu.svg&#8221; title_text=&#8221;233_COMFORT_LOGO_neu&#8221; url=&#8221;@ET-DC@eyJkeW5hbWljIjp0cnVlLCJjb250ZW50IjoicG9zdF9saW5rX3VybF9wYWdlIiwic2V0dGluZ3MiOnsicG9zdF9pZCI6IjE1In19@&#8221; _builder_version=&#8221;4.27.4&#8243; _dynamic_attributes=&#8221;url&#8221; _module_preset=&#8221;default&#8221; width=&#8221;20%&#8221; module_alignment=&#8221;left&#8221; custom_margin=&#8221;-6px||||false|false&#8221; global_colors_info=&#8221;{}&#8221;][\/et_pb_image][\/et_pb_column][et_pb_column type=&#8221;1_3&#8243; _builder_version=&#8221;4.27.4&#8243; _module_preset=&#8221;default&#8221; global_colors_info=&#8221;{}&#8221;][et_pb_button button_url=&#8221;@ET-DC@eyJkeW5hbWljIjp0cnVlLCJjb250ZW50IjoicG9zdF9saW5rX3VybF9wYWdlIiwic2V0dGluZ3MiOnsicG9zdF9pZCI6IjM3NyJ9fQ==@&#8221; button_text=&#8221;CONTACT&#8221; button_alignment=&#8221;right&#8221; _builder_version=&#8221;4.27.4&#8243; _dynamic_attributes=&#8221;button_url&#8221; _module_preset=&#8221;7a167231-81a8-47a7-a1c9-2dec0ff75f8f&#8221; button_text_size=&#8221;14px&#8221; button_font=&#8221;Satoshi Light||||||||&#8221; button_use_icon=&#8221;off&#8221; custom_margin=&#8221;-5px|-153px|||false|false&#8221; custom_padding=&#8221;0px|9px|0px|14px|true|false&#8221; global_colors_info=&#8221;{}&#8221;][\/et_pb_button][\/et_pb_column][et_pb_column type=&#8221;1_3&#8243; _builder_version=&#8221;4.27.4&#8243; _module_preset=&#8221;default&#8221; global_colors_info=&#8221;{}&#8221;][et_pb_menu menu_id=&#8221;5&#8243; active_link_color=&#8221;#F2E63D&#8221; show_cart_icon=&#8221;off&#8221; show_search_icon=&#8221;off&#8221; _builder_version=&#8221;4.27.4&#8243; _module_preset=&#8221;default&#8221; menu_font=&#8221;Satoshi Light|||on|||||&#8221; menu_font_size=&#8221;14px&#8221; background_color=&#8221;rgba(255,255,255,0)&#8221; text_orientation=&#8221;right&#8221; width=&#8221;100%&#8221; max_width=&#8221;100%&#8221; module_alignment=&#8221;right&#8221; custom_css_main_element=&#8221;\t&#8221; global_colors_info=&#8221;{%22gcid-primary-color%22:%91%22dropdown_menu_active_link_color%22,%22dropdown_menu_active_link_color%22%93,%22gcid-heading-color%22:%91%22menu_text_color%22,%22menu_text_color%22%93}&#8221;][\/et_pb_menu][\/et_pb_column][\/et_pb_row][et_pb_row _builder_version=&#8221;4.27.4&#8243; _module_preset=&#8221;default&#8221; width=&#8221;100%&#8221; max_width=&#8221;1440px&#8221; custom_margin=&#8221;16px|auto||auto|false|false&#8221; global_colors_info=&#8221;{}&#8221;][et_pb_column type=&#8221;4_4&#8243; _builder_version=&#8221;4.21.0&#8243; _module_preset=&#8221;default&#8221; global_colors_info=&#8221;{}&#8221;][et_pb_heading title=&#8221;WE BUILD BRIDGES BETWEEN BRANDS AND CULTURES&#8221; _builder_version=&#8221;4.27.4&#8243; _module_preset=&#8221;6f5af908-a7be-4e3a-8670-1d62ba51e0ce&#8221; title_text_color=&#8221;RGBA(255,255,255,0)&#8221; global_colors_info=&#8221;{}&#8221;][\/et_pb_heading][et_pb_button button_url=&#8221;@ET-DC@eyJkeW5hbWljIjp0cnVlLCJjb250ZW50IjoicG9zdF9saW5rX3VybF9wYWdlIiwic2V0dGluZ3MiOnsicG9zdF9pZCI6IjM0NCJ9fQ==@&#8221; button_text=&#8221;See our services&#8221; button_alignment=&#8221;center&#8221; _builder_version=&#8221;4.27.4&#8243; _dynamic_attributes=&#8221;button_url&#8221; _module_preset=&#8221;24d0a342-524d-4414-a34c-03ad7a1520ea&#8221; button_text_size=&#8221;20px&#8221; button_border_radius=&#8221;42px&#8221; button_use_icon=&#8221;off&#8221; custom_padding=&#8221;3px|24px|3px|24px|true|true&#8221; global_colors_info=&#8221;{}&#8221; button_text_color__hover_enabled=&#8221;on|hover&#8221; button_text_color__hover=&#8221;#000000&#8243; button_bg_color__hover_enabled=&#8221;on|hover&#8221; button_bg_color__hover=&#8221;#FFFFFF&#8221; button_bg_enable_color__hover=&#8221;on&#8221;][\/et_pb_button][\/et_pb_column][\/et_pb_row][\/et_pb_section][et_pb_section fb_built=&#8221;1&#8243; _builder_version=&#8221;4.27.4&#8243; _module_preset=&#8221;default&#8221; background_color=&#8221;#000000&#8243; custom_padding=&#8221;238px|||||&#8221; global_colors_info=&#8221;{}&#8221;][et_pb_row _builder_version=&#8221;4.27.4&#8243; _module_preset=&#8221;default&#8221; width=&#8221;95%&#8221; max_width=&#8221;1298px&#8221; custom_padding=&#8221;||0px|||&#8221; global_colors_info=&#8221;{}&#8221;][et_pb_column type=&#8221;4_4&#8243; _builder_version=&#8221;4.27.4&#8243; _module_preset=&#8221;default&#8221; global_colors_info=&#8221;{}&#8221;][et_pb_text _builder_version=&#8221;4.27.4&#8243; _module_preset=&#8221;c6235948-4833-40a6-8e35-38391d53e98d&#8221; global_colors_info=&#8221;{}&#8221;]<\/p>\n<p><strong>+233c Agency ist eine Kulturmarketing-Agentur in schwarzem Besitz mit Sitz in Hamburg, die sich darauf spezialisiert hat, \"kulturelle Zeitgeist\"-L\u00f6sungen anzubieten, die neu definieren, was es bedeutet, eine globale Marke zu sein.<\/strong><\/p>\n<p>[\/et_pb_text][\/et_pb_column][\/et_pb_row][et_pb_row _builder_version=&#8221;4.27.4&#8243; _module_preset=&#8221;default&#8221; width=&#8221;100%&#8221; max_width=&#8221;2560px&#8221; custom_margin=&#8221;||||false|false&#8221; custom_padding=&#8221;||0px||false|false&#8221; global_colors_info=&#8221;{}&#8221;][et_pb_column type=&#8221;4_4&#8243; _builder_version=&#8221;4.27.4&#8243; _module_preset=&#8221;default&#8221; global_colors_info=&#8221;{}&#8221;][et_pb_code module_class=&#8221;selector&#8221; _builder_version=&#8221;4.27.4&#8243; _module_preset=&#8221;default&#8221; animation_style=&#8221;slide&#8221; animation_direction=&#8221;bottom&#8221; animation_duration=&#8221;1350ms&#8221; animation_intensity_slide=&#8221;14%&#8221; hover_enabled=&#8221;0&#8243; custom_css_free_form=&#8221;.marquee0 img {||  vertical-align: middle !important;||  display: inline-block !important;||}||&#8221; global_colors_info=&#8221;{}&#8221; sticky_enabled=&#8221;0&#8243;]  <div class=\"marquee\" id=\"1-451\"><img decoding=\"async\" src=\"https:\/\/233comfort.com\/wp-content\/uploads\/2025\/07\/07_silde_bombaclartbass.gif\" style=\"padding-right:50px\" \/> <img decoding=\"async\" src=\"https:\/\/233comfort.com\/wp-content\/uploads\/2025\/07\/09_silde_pdog.gif\" style=\"padding-right:50px\" \/> <img decoding=\"async\" src=\"https:\/\/233comfort.com\/wp-content\/uploads\/2025\/07\/02_slide_basstag.png\" style=\"padding-right:50px\" \/> <img decoding=\"async\" src=\"https:\/\/233comfort.com\/wp-content\/uploads\/2025\/07\/08_slide_ansu.png\" style=\"padding-right:50px\" \/> <img decoding=\"async\" src=\"https:\/\/233comfort.com\/wp-content\/uploads\/2025\/07\/06_slide_catch-the-beat.png\" style=\"padding-right:50px\" \/> <img decoding=\"async\" src=\"https:\/\/233comfort.com\/wp-content\/uploads\/2025\/07\/10_slide_catch-the-beat.png\" style=\"padding-right:50px\" \/> <img decoding=\"async\" src=\"https:\/\/233comfort.com\/wp-content\/uploads\/2025\/07\/03_slide_ansu_story.png\" style=\"padding-right:50px\" \/> <img decoding=\"async\" src=\"https:\/\/233comfort.com\/wp-content\/uploads\/2025\/07\/05_slide_catch-the-beat.gif\" style=\"padding-right:50px\" \/> <img decoding=\"async\" src=\"https:\/\/233comfort.com\/wp-content\/uploads\/2025\/07\/04_slide_hifi-klubben.png\" style=\"padding-right:50px\" \/> <\/div><script type=\"text\/javascript\">MarqueeImageCrawler({ uniqueid: '1-451', style: { 'width': '150%', 'height': '500px' }, speed: 20, mouse: 'cursor driven', moveatleast: 2, neutral: 150, savedirection: true, noAddedAlt: false, stopped: false, noAddedSpace: false, direction: 'left', random: true });<\/script>[\/et_pb_code][\/et_pb_column][\/et_pb_row][\/et_pb_section][et_pb_section fb_built=&#8221;1&#8243; admin_label=&#8221;About&#8221; _builder_version=&#8221;4.27.4&#8243; _module_preset=&#8221;default&#8221; background_color=&#8221;#000000&#8243; custom_padding=&#8221;139px|||||&#8221; collapsed=&#8221;on&#8221; global_colors_info=&#8221;{}&#8221;][et_pb_row _builder_version=&#8221;4.27.4&#8243; _module_preset=&#8221;default&#8221; width=&#8221;83.4%&#8221; custom_padding=&#8221;||27px|||&#8221; global_colors_info=&#8221;{}&#8221;][et_pb_column type=&#8221;4_4&#8243; _builder_version=&#8221;4.21.0&#8243; _module_preset=&#8221;default&#8221; global_colors_info=&#8221;{}&#8221;][et_pb_heading title=&#8221;Status Quo&#8221; _builder_version=&#8221;4.27.4&#8243; _module_preset=&#8221;085d6970-41b3-47ec-a35a-84ddb2eb869b&#8221; global_colors_info=&#8221;{}&#8221;][\/et_pb_heading][et_pb_text _builder_version=&#8221;4.27.4&#8243; _module_preset=&#8221;c258d399-7c70-4f32-99a8-56f790fe5426&#8243; inline_fonts=&#8221;Futura Bold,Satoshi Bold,Futura,ABeeZee,Satoshi Medium,Akronim&#8221; global_colors_info=&#8221;{}&#8221;]<\/p>\n<p>In einer Zeit, in der sich unser Weltbild st\u00e4ndig ver\u00e4ndert, ist es f\u00fcr viele Marken schwierig, den \u00dcberblick \u00fcber Kulturen, Gemeinschaften und Meinungsf\u00fchrer zu behalten, die sich st\u00e4ndig weiterentwickeln und das Image von Marken pr\u00e4gen. Wir erm\u00f6glichen es Marken, mit kreativen und authentischen Kommunikationsstrategien unterschiedliche kulturelle Gruppen anzusprechen, ihre Bed\u00fcrfnisse zu verstehen und neue Zielgruppen zu erreichen.<\/p>\n<p style=\"text-align: center;\"><strong>Unser Ziel ist es, Barrieren abzubauen, indem wir unser Wissen und unser Netzwerk teilen und ein nachhaltiges Verst\u00e4ndnis schaffen.<\/strong><\/p>\n<p>[\/et_pb_text][et_pb_button button_url=&#8221;@ET-DC@eyJkeW5hbWljIjp0cnVlLCJjb250ZW50IjoicG9zdF9saW5rX3VybF9wYWdlIiwic2V0dGluZ3MiOnsicG9zdF9pZCI6IjM3NyJ9fQ==@&#8221; button_text=&#8221;Let us connect&#8221; button_alignment=&#8221;center&#8221; _builder_version=&#8221;4.27.4&#8243; _dynamic_attributes=&#8221;button_url&#8221; _module_preset=&#8221;7a167231-81a8-47a7-a1c9-2dec0ff75f8f&#8221; custom_margin=&#8221;-8px||||false|false&#8221; global_colors_info=&#8221;{}&#8221;][\/et_pb_button][\/et_pb_column][\/et_pb_row][et_pb_row _builder_version=&#8221;4.27.4&#8243; _module_preset=&#8221;default&#8221; width=&#8221;83.4%&#8221; min_height=&#8221;325.6px&#8221; custom_margin=&#8221;83px|auto|20px|auto||&#8221; custom_padding=&#8221;||0px|||&#8221; global_colors_info=&#8221;{}&#8221;][et_pb_column type=&#8221;4_4&#8243; _builder_version=&#8221;4.21.0&#8243; _module_preset=&#8221;default&#8221; global_colors_info=&#8221;{}&#8221;][et_pb_heading title=&#8221;Featured Projects&#8221; _builder_version=&#8221;4.27.4&#8243; _module_preset=&#8221;085d6970-41b3-47ec-a35a-84ddb2eb869b&#8221; title_text_color=&#8221;#EDF000&#8243; global_colors_info=&#8221;{}&#8221;][\/et_pb_heading][et_pb_text _builder_version=&#8221;4.27.4&#8243; _module_preset=&#8221;7f49b945-641a-4a48-b2cf-45ebc36e8628&#8243; min_height=&#8221;172.6px&#8221; custom_margin=&#8221;18px|||||&#8221; custom_padding=&#8221;||3px|||&#8221; global_colors_info=&#8221;{}&#8221;]<\/p>\n<h5 style=\"text-align: center;\"><strong>Viele Marken haben die Bedeutung von Gemeinschaften bereits erkannt. Hier sind drei unserer Lieblingsbeispiele f\u00fcr gro\u00dfartige Kooperationen zwischen Marken und Gemeinschaften.<\/strong><\/h5>\n<p>[\/et_pb_text][\/et_pb_column][\/et_pb_row][et_pb_row column_structure=&#8221;1_2,1_2&#8243; _builder_version=&#8221;4.27.4&#8243; _module_preset=&#8221;default&#8221; custom_margin=&#8221;9px|auto||auto|false|false&#8221; animation_style=&#8221;slide&#8221; animation_direction=&#8221;bottom&#8221; animation_duration=&#8221;1150ms&#8221; animation_delay=&#8221;750ms&#8221; animation_intensity_slide=&#8221;13%&#8221; animation_speed_curve=&#8221;ease-in&#8221; global_colors_info=&#8221;{}&#8221;][et_pb_column type=&#8221;1_2&#8243; _builder_version=&#8221;4.27.4&#8243; _module_preset=&#8221;default&#8221; global_colors_info=&#8221;{}&#8221;][et_pb_image src=&#8221;https:\/\/233comfort.com\/wp-content\/uploads\/2025\/07\/fila-cover-e1683291831306.jpg&#8221; title_text=&#8221;marketing-image-02&#8243; _builder_version=&#8221;4.27.4&#8243; _module_preset=&#8221;default&#8221; global_colors_info=&#8221;{}&#8221; background__hover_enabled=&#8221;off|hover&#8221;][\/et_pb_image][\/et_pb_column][et_pb_column type=&#8221;1_2&#8243; _builder_version=&#8221;4.27.4&#8243; _module_preset=&#8221;default&#8221; global_colors_info=&#8221;{}&#8221;][et_pb_heading title=&#8221;FILA&#8221; _builder_version=&#8221;4.27.4&#8243; _module_preset=&#8221;1928c79c-0d48-415b-a5c5-f04d3c48a1d9&#8243; global_colors_info=&#8221;{}&#8221;][\/et_pb_heading][et_pb_text _builder_version=&#8221;4.27.4&#8243; _module_preset=&#8221;63f41bc4-1d65-473a-8756-b6f1ebc98f7d&#8221; global_colors_info=&#8221;{}&#8221;]<\/p>\n<p><span><\/span><span>+233c entwickelte eine kreative und<\/span><strong><span class=\"notion-enable-hover\" data-token-index=\"1\"><span>\u00a0<\/span>innovatives Online-Streaming-Konzept<\/span><\/strong><span>\u00a0f\u00fcr die Marke Fila, um ihre \"Court-Kollektion\" wirkungsvoll auf den Markt zu bringen\u00a0<\/span><span class=\"notion-enable-hover\" data-token-index=\"3\">w\u00e4hrend der Pandemie<\/span><span>. Wir haben mit Meinungsf\u00fchrern aus der Tanz- und DJ-Kultur aus unserem Netzwerk zusammengearbeitet, um die Sportkollektion in ihren gew\u00fcnschten (Sub-)Kulturen zu positionieren und die Philosophie und das kulturelle Erbe der Marke zu transportieren.<\/span><\/p>\n<p>[\/et_pb_text][et_pb_button button_url=&#8221;@ET-DC@eyJkeW5hbWljIjp0cnVlLCJjb250ZW50IjoicG9zdF9saW5rX3VybF9wYWdlIiwic2V0dGluZ3MiOnsicG9zdF9pZCI6IjUzMSJ9fQ==@&#8221; button_text=&#8221;Discover&#8221; _builder_version=&#8221;4.27.4&#8243; _dynamic_attributes=&#8221;button_url&#8221; _module_preset=&#8221;7a167231-81a8-47a7-a1c9-2dec0ff75f8f&#8221; custom_margin=&#8221;-17px||||false|false&#8221; global_colors_info=&#8221;{}&#8221; button_bg_color__hover_enabled=&#8221;off|hover&#8221; button_bg_enable_color__hover=&#8221;on&#8221;][\/et_pb_button][\/et_pb_column][\/et_pb_row][et_pb_row column_structure=&#8221;1_2,1_2&#8243; _builder_version=&#8221;4.27.4&#8243; _module_preset=&#8221;default&#8221; custom_margin=&#8221;99px|auto||auto|false|false&#8221; animation_style=&#8221;slide&#8221; animation_direction=&#8221;bottom&#8221; animation_duration=&#8221;1150ms&#8221; animation_delay=&#8221;750ms&#8221; animation_intensity_slide=&#8221;13%&#8221; animation_speed_curve=&#8221;ease-in&#8221; global_colors_info=&#8221;{}&#8221;][et_pb_column type=&#8221;1_2&#8243; _builder_version=&#8221;4.27.4&#8243; _module_preset=&#8221;default&#8221; global_colors_info=&#8221;{}&#8221;][et_pb_heading title=&#8221;SOUNDBOKS&#8221; _builder_version=&#8221;4.27.4&#8243; _module_preset=&#8221;1928c79c-0d48-415b-a5c5-f04d3c48a1d9&#8243; global_colors_info=&#8221;{}&#8221;][\/et_pb_heading][et_pb_text _builder_version=&#8221;4.27.4&#8243; _module_preset=&#8221;63f41bc4-1d65-473a-8756-b6f1ebc98f7d&#8221; global_colors_info=&#8221;{}&#8221;]<\/p>\n<p><span>+233c entwickelt a\u00a0<\/span><strong>gesponsertes Markenaktivierungskonzept<\/strong><span>\u00a0f\u00fcr Soundboks und arbeitete mit dem Kollektiv \"Irgendwas muss sich \u00e4ndern\" zusammen, um ein unvergessliches Pop-up-Event mit dem bekannten K\u00fcnstler Ansu zu schaffen. Das Konzept erm\u00f6glichte die Schaffung einer starken Bindung zwischen der Marke Soundboks und den Fans von Ansu.<\/span><\/p>\n<p>[\/et_pb_text][et_pb_button button_url=&#8221;@ET-DC@eyJkeW5hbWljIjp0cnVlLCJjb250ZW50IjoicG9zdF9saW5rX3VybF9wYWdlIiwic2V0dGluZ3MiOnsicG9zdF9pZCI6IjQwNyJ9fQ==@&#8221; button_text=&#8221;Discover&#8221; _builder_version=&#8221;4.27.4&#8243; _dynamic_attributes=&#8221;button_url&#8221; _module_preset=&#8221;7a167231-81a8-47a7-a1c9-2dec0ff75f8f&#8221; global_colors_info=&#8221;{}&#8221;][\/et_pb_button][\/et_pb_column][et_pb_column type=&#8221;1_2&#8243; _builder_version=&#8221;4.27.4&#8243; _module_preset=&#8221;default&#8221; global_colors_info=&#8221;{}&#8221;][et_pb_image src=&#8221;https:\/\/233comfort.com\/wp-content\/uploads\/2025\/07\/soundboks-ansu-image-04.jpg&#8221; title_text=&#8221;soundboks-ansu-image-04&#8243; _builder_version=&#8221;4.27.4&#8243; _module_preset=&#8221;default&#8221; global_colors_info=&#8221;{}&#8221;][\/et_pb_image][\/et_pb_column][\/et_pb_row][et_pb_row column_structure=&#8221;1_2,1_2&#8243; _builder_version=&#8221;4.27.4&#8243; _module_preset=&#8221;default&#8221; custom_margin=&#8221;99px|auto||auto|false|false&#8221; animation_style=&#8221;slide&#8221; animation_direction=&#8221;bottom&#8221; animation_duration=&#8221;1150ms&#8221; animation_delay=&#8221;750ms&#8221; animation_intensity_slide=&#8221;13%&#8221; animation_speed_curve=&#8221;ease-in&#8221; global_colors_info=&#8221;{}&#8221;][et_pb_column type=&#8221;1_2&#8243; _builder_version=&#8221;4.27.4&#8243; _module_preset=&#8221;default&#8221; global_colors_info=&#8221;{}&#8221;][et_pb_image src=&#8221;https:\/\/233comfort.com\/wp-content\/uploads\/2025\/07\/come.unity-cover-e1683292042239.jpg&#8221; title_text=&#8221;come.unity-cover-e1683292042239&#8243; _builder_version=&#8221;4.27.4&#8243; _module_preset=&#8221;default&#8221; global_colors_info=&#8221;{}&#8221;][\/et_pb_image][\/et_pb_column][et_pb_column type=&#8221;1_2&#8243; _builder_version=&#8221;4.27.4&#8243; _module_preset=&#8221;default&#8221; global_colors_info=&#8221;{}&#8221;][et_pb_heading title=&#8221;DR.MARTENS&#8221; _builder_version=&#8221;4.27.4&#8243; _module_preset=&#8221;085d6970-41b3-47ec-a35a-84ddb2eb869b&#8221; title_text_align=&#8221;left&#8221; custom_padding=&#8221;||3px|||&#8221; global_colors_info=&#8221;{}&#8221;][\/et_pb_heading][et_pb_text _builder_version=&#8221;4.27.4&#8243; _module_preset=&#8221;63f41bc4-1d65-473a-8756-b6f1ebc98f7d&#8221; custom_padding=&#8221;||6px|||&#8221; global_colors_info=&#8221;{}&#8221;]<\/p>\n<p><strong>+233c und Dr. Martens arbeiten zusammen<\/strong><span>\u00a0die COME.UNITY-Konferenz zu unterst\u00fctzen und sich f\u00fcr\u00a0<\/span><strong>f\u00fcr sicherere R\u00e4ume in der Musikindustrie<\/strong><span>. Wir kreierten eine Konferenz als Markenaktivierungskonzept und arbeiteten mit bekannten K\u00fcnstlern aus der deutschen Musikindustrie und Meinungsf\u00fchrern aus der LGBTQAI+ Community zusammen, um eine wirkungsvolle Konferenzveranstaltung zu schaffen.<\/span><\/p>\n<p>[\/et_pb_text][et_pb_button button_url=&#8221;@ET-DC@eyJkeW5hbWljIjp0cnVlLCJjb250ZW50IjoicG9zdF9saW5rX3VybF9wYWdlIiwic2V0dGluZ3MiOnsicG9zdF9pZCI6IjU4MiJ9fQ==@&#8221; button_text=&#8221;Discover&#8221; _builder_version=&#8221;4.27.4&#8243; _dynamic_attributes=&#8221;button_url&#8221; _module_preset=&#8221;7a167231-81a8-47a7-a1c9-2dec0ff75f8f&#8221; global_colors_info=&#8221;{}&#8221; button_bg_color__hover_enabled=&#8221;off|hover&#8221; button_bg_enable_color__hover=&#8221;on&#8221;][\/et_pb_button][\/et_pb_column][\/et_pb_row][et_pb_row _builder_version=&#8221;4.27.4&#8243; _module_preset=&#8221;default&#8221; width=&#8221;83.4%&#8221; custom_margin=&#8221;100px||||false|false&#8221; custom_padding=&#8221;||27px|||&#8221; global_colors_info=&#8221;{}&#8221;][et_pb_column type=&#8221;4_4&#8243; _builder_version=&#8221;4.21.0&#8243; _module_preset=&#8221;default&#8221; global_colors_info=&#8221;{}&#8221;][et_pb_heading title=&#8221;More projects&#8221; _builder_version=&#8221;4.27.4&#8243; _module_preset=&#8221;085d6970-41b3-47ec-a35a-84ddb2eb869b&#8221; title_text_color=&#8221;#EDF000&#8243; global_colors_info=&#8221;{}&#8221;][\/et_pb_heading][et_pb_button button_url=&#8221;@ET-DC@eyJkeW5hbWljIjp0cnVlLCJjb250ZW50IjoicG9zdF9saW5rX3VybF9wYWdlIiwic2V0dGluZ3MiOnsicG9zdF9pZCI6IjExMyJ9fQ==@&#8221; button_text=&#8221;Discover&#8221; button_alignment=&#8221;center&#8221; _builder_version=&#8221;4.27.4&#8243; _dynamic_attributes=&#8221;button_url&#8221; _module_preset=&#8221;7a167231-81a8-47a7-a1c9-2dec0ff75f8f&#8221; custom_margin=&#8221;42px||||false|false&#8221; global_colors_info=&#8221;{}&#8221; button_bg_color__hover_enabled=&#8221;off|hover&#8221; button_bg_enable_color__hover=&#8221;on&#8221;][\/et_pb_button][\/et_pb_column][\/et_pb_row][\/et_pb_section][et_pb_section fb_built=&#8221;1&#8243; _builder_version=&#8221;4.27.4&#8243; _module_preset=&#8221;default&#8221; background_color=&#8221;#000000&#8243; custom_padding=&#8221;||||false|false&#8221; global_module=&#8221;224&#8243; saved_tabs=&#8221;all&#8221; global_colors_info=&#8221;{}&#8221;][et_pb_row column_structure=&#8221;1_2,1_2&#8243; _builder_version=&#8221;4.27.4&#8243; _module_preset=&#8221;default&#8221; width=&#8221;95%&#8221; max_width=&#8221;2560px&#8221; module_alignment=&#8221;center&#8221; global_colors_info=&#8221;{}&#8221; custom_margin__hover_enabled=&#8221;off|desktop&#8221;][et_pb_column type=&#8221;1_2&#8243; _builder_version=&#8221;4.27.4&#8243; _module_preset=&#8221;default&#8221; global_colors_info=&#8221;{}&#8221;][et_pb_social_media_follow icon_color=&#8221;#FFFFFF&#8221; _builder_version=&#8221;4.27.4&#8243; _module_preset=&#8221;default&#8221; border_color_all=&#8221;#FFFFFF&#8221; global_colors_info=&#8221;{%22gcid-primary-color%22:%91%22icon_color%22%93}&#8221;][et_pb_social_media_follow_network social_network=&#8221;instagram&#8221; url=&#8221;https:\/\/www.instagram.com\/233c.agency\/&#8221; _builder_version=&#8221;4.27.4&#8243; _module_preset=&#8221;default&#8221; background_color=&#8221;#000000&#8243; global_colors_info=&#8221;{}&#8221; follow_button=&#8221;off&#8221; url_new_window=&#8221;on&#8221;]instagram[\/et_pb_social_media_follow_network][et_pb_social_media_follow_network social_network=&#8221;linkedin&#8221; url=&#8221;https:\/\/www.linkedin.com\/company\/233cagency\/posts\/?feedView=all&#8221; _builder_version=&#8221;4.27.4&#8243; _module_preset=&#8221;default&#8221; background_color=&#8221;#007bb6&#8243; global_colors_info=&#8221;{}&#8221; follow_button=&#8221;off&#8221; url_new_window=&#8221;on&#8221;]linkedin[\/et_pb_social_media_follow_network][\/et_pb_social_media_follow][\/et_pb_column][et_pb_column type=&#8221;1_2&#8243; _builder_version=&#8221;4.27.4&#8243; _module_preset=&#8221;default&#8221; global_colors_info=&#8221;{}&#8221;][et_pb_text _builder_version=&#8221;4.27.4&#8243; _module_preset=&#8221;default&#8221; text_font=&#8221;Satoshi Light||||||||&#8221; text_text_color=&#8221;#a3a3a3&#8243; text_font_size=&#8221;14px&#8221; text_letter_spacing=&#8221;3px&#8221; global_colors_info=&#8221;{}&#8221;]<\/p>\n<p style=\"text-align: right;\"><a href=\"https:\/\/233comfort.com\/de\/agb\/\">AGB<\/a>\u00a0 \u00a0 \u00a0 <a href=\"https:\/\/233comfort.com\/de\/datenschutz\/\">DATENSCHUTZ<\/a>\u00a0 \u00a0 | \u00a9 2025 +233c<\/p>\n<p>[\/et_pb_text][\/et_pb_column][\/et_pb_row][\/et_pb_section]<\/p>","protected":false},"excerpt":{"rendered":"<p>+233c Agency ist eine Kulturmarketing-Agentur in schwarzem Besitz mit Sitz in Hamburg, die sich darauf spezialisiert hat, \"kulturelle Zeitgeist\"-L\u00f6sungen anzubieten, die neu definieren, was es bedeutet, eine globale Marke zu sein. <div class=\"marquee\" id=\"1-720\"><img decoding=\"async\" src=\"https:\/\/233comfort.com\/wp-content\/uploads\/2025\/07\/05_slide_catch-the-beat.gif\" style=\"padding-right:50px\" \/> <img decoding=\"async\" src=\"https:\/\/233comfort.com\/wp-content\/uploads\/2025\/07\/02_slide_basstag.png\" style=\"padding-right:50px\" \/> <img decoding=\"async\" src=\"https:\/\/233comfort.com\/wp-content\/uploads\/2025\/07\/06_slide_catch-the-beat.png\" style=\"padding-right:50px\" \/> <img decoding=\"async\" src=\"https:\/\/233comfort.com\/wp-content\/uploads\/2025\/07\/08_slide_ansu.png\" style=\"padding-right:50px\" \/> <img decoding=\"async\" src=\"https:\/\/233comfort.com\/wp-content\/uploads\/2025\/07\/04_slide_hifi-klubben.png\" style=\"padding-right:50px\" \/> <img decoding=\"async\" src=\"https:\/\/233comfort.com\/wp-content\/uploads\/2025\/07\/03_slide_ansu_story.png\" style=\"padding-right:50px\" \/> <img decoding=\"async\" src=\"https:\/\/233comfort.com\/wp-content\/uploads\/2025\/07\/07_silde_bombaclartbass.gif\" style=\"padding-right:50px\" \/> <img decoding=\"async\" src=\"https:\/\/233comfort.com\/wp-content\/uploads\/2025\/07\/09_silde_pdog.gif\" style=\"padding-right:50px\" \/> <img decoding=\"async\" src=\"https:\/\/233comfort.com\/wp-content\/uploads\/2025\/07\/10_slide_catch-the-beat.png\" style=\"padding-right:50px\" \/> <\/div><script type=\"text\/javascript\">MarqueeImageCrawler({ uniqueid: '1-720', style: { 'width': '150%', 'height': '500px' }, speed: 20, mouse: 'cursor driven', moveatleast: 2, neutral: 150, savedirection: true, noAddedAlt: false, stopped: false, noAddedSpace: false, direction: 'left', random: true });<\/script>At a time in which our view of the world is constantly changing, it is difficult for many brands to keep track of cultures, [&hellip;]<\/p>","protected":false},"author":1,"featured_media":0,"parent":0,"menu_order":0,"comment_status":"closed","ping_status":"closed","template":"page-template-blank.php","meta":{"_et_pb_use_builder":"on","_et_pb_old_content":"","_et_gb_content_width":"","footnotes":""},"class_list":["post-15","page","type-page","status-publish","hentry"],"_links":{"self":[{"href":"https:\/\/233comfort.com\/de\/wp-json\/wp\/v2\/pages\/15","targetHints":{"allow":["GET"]}}],"collection":[{"href":"https:\/\/233comfort.com\/de\/wp-json\/wp\/v2\/pages"}],"about":[{"href":"https:\/\/233comfort.com\/de\/wp-json\/wp\/v2\/types\/page"}],"author":[{"embeddable":true,"href":"https:\/\/233comfort.com\/de\/wp-json\/wp\/v2\/users\/1"}],"replies":[{"embeddable":true,"href":"https:\/\/233comfort.com\/de\/wp-json\/wp\/v2\/comments?post=15"}],"version-history":[{"count":0,"href":"https:\/\/233comfort.com\/de\/wp-json\/wp\/v2\/pages\/15\/revisions"}],"wp:attachment":[{"href":"https:\/\/233comfort.com\/de\/wp-json\/wp\/v2\/media?parent=15"}],"curies":[{"name":"wp","href":"https:\/\/api.w.org\/{rel}","templated":true}]}}