{"id":344,"date":"2025-07-27T17:19:17","date_gmt":"2025-07-27T15:19:17","guid":{"rendered":"https:\/\/233comfort.com\/?page_id=344"},"modified":"2025-08-03T16:03:25","modified_gmt":"2025-08-03T14:03:25","slug":"service","status":"publish","type":"page","link":"https:\/\/233comfort.com\/de\/service\/","title":{"rendered":"Dienst"},"content":{"rendered":"<p>[et_pb_section fb_built=&#8221;1&#8243; admin_label=&#8221;Header&#8221; _builder_version=&#8221;4.27.4&#8243; _module_preset=&#8221;da5f49f5-a8db-47d7-ab1f-89e813ebdf79&#8243; background_enable_color=&#8221;off&#8221; background_color_gradient_stops=&#8221;rgba(0,0,0,0.49) 1%|rgba(0,0,0,0.61) 100%&#8221; background_image=&#8221;https:\/\/233comfort.com\/wp-content\/uploads\/2025\/07\/chrome-hero-background-02-scaled-1.jpg&#8221; background_enable_video_mp4=&#8221;off&#8221; height=&#8221;1000px&#8221; custom_padding=&#8221;54px||0px||false|false&#8221; collapsed=&#8221;on&#8221; global_colors_info=&#8221;{}&#8221;][et_pb_row column_structure=&#8221;1_2,1_2&#8243; _builder_version=&#8221;4.27.4&#8243; _module_preset=&#8221;default&#8221; width=&#8221;100%&#8221; max_width=&#8221;1565px&#8221; module_alignment=&#8221;center&#8221; custom_margin=&#8221;-29px|165px||auto|false|false&#8221; custom_padding=&#8221;19px|||||&#8221; global_module=&#8221;301&#8243; saved_tabs=&#8221;all&#8221; global_colors_info=&#8221;{}&#8221;][et_pb_column type=&#8221;1_2&#8243; _builder_version=&#8221;4.27.4&#8243; _module_preset=&#8221;default&#8221; global_colors_info=&#8221;{}&#8221;][et_pb_image src=&#8221;https:\/\/233comfort.com\/wp-content\/uploads\/2025\/07\/233_COMFORT_LOGO_neu.svg&#8221; title_text=&#8221;233_COMFORT_LOGO_neu&#8221; url=&#8221;@ET-DC@eyJkeW5hbWljIjp0cnVlLCJjb250ZW50IjoicG9zdF9saW5rX3VybF9wYWdlIiwic2V0dGluZ3MiOnsicG9zdF9pZCI6IjE1In19@&#8221; _builder_version=&#8221;4.27.4&#8243; _dynamic_attributes=&#8221;url&#8221; _module_preset=&#8221;default&#8221; width=&#8221;9%&#8221; module_alignment=&#8221;left&#8221; global_colors_info=&#8221;{}&#8221;][\/et_pb_image][\/et_pb_column][et_pb_column type=&#8221;1_2&#8243; _builder_version=&#8221;4.27.4&#8243; _module_preset=&#8221;default&#8221; global_colors_info=&#8221;{}&#8221;][et_pb_menu menu_id=&#8221;5&#8243; active_link_color=&#8221;#F2E63D&#8221; show_cart_icon=&#8221;off&#8221; show_search_icon=&#8221;off&#8221; _builder_version=&#8221;4.27.4&#8243; _module_preset=&#8221;default&#8221; menu_font=&#8221;Satoshi Light|||on|||||&#8221; menu_font_size=&#8221;14px&#8221; background_color=&#8221;rgba(255,255,255,0)&#8221; text_orientation=&#8221;right&#8221; width=&#8221;100%&#8221; max_width=&#8221;100%&#8221; module_alignment=&#8221;right&#8221; custom_css_main_element=&#8221;\t&#8221; global_colors_info=&#8221;{%22gcid-primary-color%22:%91%22dropdown_menu_active_link_color%22,%22dropdown_menu_active_link_color%22%93,%22gcid-heading-color%22:%91%22menu_text_color%22,%22menu_text_color%22%93}&#8221;][\/et_pb_menu][\/et_pb_column][\/et_pb_row][et_pb_row _builder_version=&#8221;4.27.4&#8243; _module_preset=&#8221;default&#8221; width=&#8221;78.2%&#8221; global_colors_info=&#8221;{}&#8221;][et_pb_column type=&#8221;4_4&#8243; _builder_version=&#8221;4.21.0&#8243; _module_preset=&#8221;default&#8221; global_colors_info=&#8221;{}&#8221;][et_pb_heading title=&#8221;WE MAKE BRANDS RELEVANT ACROSS CULTURES AND COMMUNITIES&#8221; _builder_version=&#8221;4.27.4&#8243; _module_preset=&#8221;6f5af908-a7be-4e3a-8670-1d62ba51e0ce&#8221; hover_enabled=&#8221;0&#8243; global_colors_info=&#8221;{}&#8221; sticky_enabled=&#8221;0&#8243;][\/et_pb_heading][\/et_pb_column][\/et_pb_row][\/et_pb_section][et_pb_section fb_built=&#8221;1&#8243; admin_label=&#8221;About&#8221; _builder_version=&#8221;4.27.4&#8243; _module_preset=&#8221;default&#8221; background_color=&#8221;#000000&#8243; custom_padding=&#8221;||54px|||&#8221; collapsed=&#8221;on&#8221; global_colors_info=&#8221;{}&#8221;][et_pb_row _builder_version=&#8221;4.27.4&#8243; _module_preset=&#8221;default&#8221; width=&#8221;83.4%&#8221; custom_margin=&#8221;|auto|-2px|auto||&#8221; custom_padding=&#8221;||27px|||&#8221; global_colors_info=&#8221;{}&#8221;][et_pb_column type=&#8221;4_4&#8243; _builder_version=&#8221;4.21.0&#8243; _module_preset=&#8221;default&#8221; global_colors_info=&#8221;{}&#8221;][et_pb_text _builder_version=&#8221;4.27.4&#8243; _module_preset=&#8221;c6235948-4833-40a6-8e35-38391d53e98d&#8221; custom_margin=&#8221;118px|-193px|302px||false|false&#8221; global_colors_info=&#8221;{}&#8221;]<\/p>\n<p>Unsere Arbeit basiert auf der Anerkennung und Integration von Kulturen und Gemeinschaften in einer respektvollen und sinnvollen Form.<\/p>\n<p>[\/et_pb_text][et_pb_heading title=&#8221;Here to empower the future&#8221; _builder_version=&#8221;4.27.4&#8243; _module_preset=&#8221;085d6970-41b3-47ec-a35a-84ddb2eb869b&#8221; title_text_color=&#8221;#EDF000&#8243; global_colors_info=&#8221;{}&#8221;][\/et_pb_heading][\/et_pb_column][\/et_pb_row][\/et_pb_section][et_pb_section fb_built=&#8221;1&#8243; admin_label=&#8221;About&#8221; _builder_version=&#8221;4.27.4&#8243; _module_preset=&#8221;default&#8221; background_color=&#8221;#000000&#8243; collapsed=&#8221;on&#8221; global_colors_info=&#8221;{}&#8221;][et_pb_row column_structure=&#8221;1_2,1_2&#8243; _builder_version=&#8221;4.27.4&#8243; _module_preset=&#8221;default&#8221; global_colors_info=&#8221;{}&#8221;][et_pb_column type=&#8221;1_2&#8243; _builder_version=&#8221;4.27.4&#8243; _module_preset=&#8221;default&#8221; global_colors_info=&#8221;{}&#8221;][et_pb_image src=&#8221;https:\/\/233comfort.com\/wp-content\/uploads\/2025\/07\/233_COMFORT_LOGO_neu_glass_transparent_small.gif&#8221; title_text=&#8221;233_COMFORT_LOGO_neu_glass_transparent_small&#8221; _builder_version=&#8221;4.27.4&#8243; _module_preset=&#8221;default&#8221; global_colors_info=&#8221;{}&#8221;][\/et_pb_image][\/et_pb_column][et_pb_column type=&#8221;1_2&#8243; _builder_version=&#8221;4.27.4&#8243; _module_preset=&#8221;default&#8221; global_colors_info=&#8221;{}&#8221;][et_pb_heading title=&#8221;Our Vision is to empower brands to build meaningful relationships&#8221; _builder_version=&#8221;4.27.4&#8243; _module_preset=&#8221;d76a7e16-f25c-4bc7-a3c3-9235d97dc8e1&#8243; global_colors_info=&#8221;{}&#8221;][\/et_pb_heading][et_pb_text _builder_version=&#8221;4.27.4&#8243; _module_preset=&#8221;63f41bc4-1d65-473a-8756-b6f1ebc98f7d&#8221; global_colors_info=&#8221;{}&#8221;]<\/p>\n<p><strong>Wir von +233c haben es uns zur Aufgabe gemacht, Marken zu bef\u00e4higen, sich die kulturelle Vielfalt zu eigen zu machen und Innovationen durch authentische, in den Lebensstil integrierte Strategien voranzutreiben.<span>\u00a0<\/span><\/strong>Wir glauben an die F\u00f6rderung sinnvoller Verbindungen zwischen Marken und Gemeinschaften und an die F\u00f6rderung von Empathie und Verst\u00e4ndnis bei gleichzeitiger F\u00f6rderung von Wachstum und Relevanz.<\/p>\n<p>Unser Team ist bestrebt, Folgendes zu bieten<span>\u00a0<\/span><strong>L\u00f6sungen f\u00fcr den \"kulturellen Zeitgeist\"<\/strong><span>\u00a0<\/span>die neu definieren, was es bedeutet, eine global ausgerichtete Marke zu sein.<span>\u00a0<\/span><strong>Bleiben Sie in Kontakt mit Gemeinschaften und Meinungsf\u00fchrern.<\/strong><\/p>\n<p>[\/et_pb_text][\/et_pb_column][\/et_pb_row][et_pb_row column_structure=&#8221;1_2,1_2&#8243; _builder_version=&#8221;4.27.4&#8243; _module_preset=&#8221;default&#8221; global_colors_info=&#8221;{}&#8221;][et_pb_column type=&#8221;1_2&#8243; _builder_version=&#8221;4.27.4&#8243; _module_preset=&#8221;default&#8221; global_colors_info=&#8221;{}&#8221;][et_pb_heading title=&#8221;What means +233c?&#8221; _builder_version=&#8221;4.27.4&#8243; _module_preset=&#8221;d76a7e16-f25c-4bc7-a3c3-9235d97dc8e1&#8243; global_colors_info=&#8221;{}&#8221;][\/et_pb_heading][et_pb_text _builder_version=&#8221;4.27.4&#8243; _module_preset=&#8221;63f41bc4-1d65-473a-8756-b6f1ebc98f7d&#8221; global_colors_info=&#8221;{}&#8221;]<\/p>\n<p>Der Name +233c der Kulturmarketing-Agentur vereint mehrere sinnvolle Elemente. Das \"+\" symbolisiert das Herstellen von Verbindungen und verdeutlicht, dass wir Ver\u00e4nderungen herbeif\u00fchren und einen Mehrwert schaffen wollen. Die Zahl \"233\" steht f\u00fcr den L\u00e4ndercode von Ghana, dem Heimatland unseres Gr\u00fcnders. Das \"c\" steht f\u00fcr \"Culture\", \"Community\" und der Name \"Comfort\" ist der M\u00e4dchenname seiner Mutter.<\/p>\n<p>&nbsp;<\/p>\n<p>[\/et_pb_text][\/et_pb_column][et_pb_column type=&#8221;1_2&#8243; _builder_version=&#8221;4.27.4&#8243; _module_preset=&#8221;default&#8221; global_colors_info=&#8221;{}&#8221;][et_pb_image src=&#8221;https:\/\/233comfort.com\/wp-content\/uploads\/2025\/07\/about-image-01-1.jpg&#8221; title_text=&#8221;about-image-01 (1)&#8221; _builder_version=&#8221;4.27.4&#8243; _module_preset=&#8221;default&#8221; height=&#8221;505px&#8221; global_colors_info=&#8221;{}&#8221;][\/et_pb_image][\/et_pb_column][\/et_pb_row][et_pb_row _builder_version=&#8221;4.27.4&#8243; _module_preset=&#8221;default&#8221; width=&#8221;83.4%&#8221; custom_margin=&#8221;109px||||false|false&#8221; custom_padding=&#8221;||27px|||&#8221; global_colors_info=&#8221;{}&#8221;][et_pb_column type=&#8221;4_4&#8243; _builder_version=&#8221;4.21.0&#8243; _module_preset=&#8221;default&#8221; global_colors_info=&#8221;{}&#8221;][et_pb_heading title=&#8221;HOW WE DO CULTURE MARKETING&#8221; _builder_version=&#8221;4.27.4&#8243; _module_preset=&#8221;085d6970-41b3-47ec-a35a-84ddb2eb869b&#8221; title_text_color=&#8221;#EDF000&#8243; global_colors_info=&#8221;{}&#8221;][\/et_pb_heading][et_pb_button button_text=&#8221;Download agency portfolio&#8221; button_alignment=&#8221;center&#8221; _builder_version=&#8221;4.27.4&#8243; _module_preset=&#8221;7a167231-81a8-47a7-a1c9-2dec0ff75f8f&#8221; button_text_color=&#8221;#EDF000&#8243; button_border_color=&#8221;#EDF000&#8243; custom_margin=&#8221;24px||||false|false&#8221; global_colors_info=&#8221;{}&#8221; button_bg_color__hover_enabled=&#8221;off|hover&#8221; button_bg_enable_color__hover=&#8221;on&#8221;][\/et_pb_button][\/et_pb_column][\/et_pb_row][et_pb_row _builder_version=&#8221;4.27.4&#8243; _module_preset=&#8221;default&#8221; width=&#8221;100%&#8221; max_width=&#8221;2560px&#8221; custom_padding=&#8221;0px||0px||false|false&#8221; scroll_vertical_motion_enable=&#8221;on&#8221; border_radii=&#8221;on|134px|134px|134px|134px&#8221; global_colors_info=&#8221;{}&#8221;][et_pb_column type=&#8221;4_4&#8243; _builder_version=&#8221;4.27.4&#8243; _module_preset=&#8221;default&#8221; global_colors_info=&#8221;{}&#8221;][et_pb_image src=&#8221;https:\/\/233comfort.com\/wp-content\/uploads\/2025\/07\/divider-image-scaled-1.jpg&#8221; title_text=&#8221;divider-image-scaled&#8221; show_bottom_space=&#8221;off&#8221; _builder_version=&#8221;4.27.4&#8243; _module_preset=&#8221;default&#8221; width=&#8221;45%&#8221; module_alignment=&#8221;center&#8221; border_radii=&#8221;on|86px|86px|86px|86px&#8221; global_colors_info=&#8221;{}&#8221;][\/et_pb_image][\/et_pb_column][\/et_pb_row][et_pb_row _builder_version=&#8221;4.27.4&#8243; _module_preset=&#8221;default&#8221; width=&#8221;83.4%&#8221; custom_margin=&#8221;61px|auto||auto||&#8221; custom_padding=&#8221;||27px|||&#8221; global_colors_info=&#8221;{}&#8221;][et_pb_column type=&#8221;4_4&#8243; _builder_version=&#8221;4.21.0&#8243; _module_preset=&#8221;default&#8221; global_colors_info=&#8221;{}&#8221;][et_pb_heading title=&#8221;WHAT WE LOVE DOINg&#8221; _builder_version=&#8221;4.27.4&#8243; _module_preset=&#8221;085d6970-41b3-47ec-a35a-84ddb2eb869b&#8221; title_text_color=&#8221;#EDF000&#8243; title_font_size=&#8221;90px&#8221; width=&#8221;85.9%&#8221; module_alignment=&#8221;center&#8221; global_colors_info=&#8221;{}&#8221;][\/et_pb_heading][et_pb_text _builder_version=&#8221;4.27.4&#8243; _module_preset=&#8221;97ac521c-49b6-49d6-bf36-ac332ecfb9b1&#8243; min_height=&#8221;202.6px&#8221; custom_padding=&#8221;|0px|0px|||&#8221; inline_fonts=&#8221;Futura Bold,Satoshi Bold,Futura,ABeeZee,Satoshi Medium,Akronim&#8221; global_colors_info=&#8221;{}&#8221;]<\/p>\n<p style=\"text-align: center;\">Mit dem Fokus auf Innovation und Wachstum helfen wir Marken, Agenturen und sozialen Unternehmen, Kulturen und Gemeinschaften und ihre kulturellen Nuancen zu verstehen, den \"kulturellen Zeitgeist\" zu erfassen und neue und bestehende Zielgruppen zu erschlie\u00dfen.<\/p>\n<p>[\/et_pb_text][\/et_pb_column][\/et_pb_row][et_pb_row _builder_version=&#8221;4.27.4&#8243; _module_preset=&#8221;default&#8221; width=&#8221;83.4%&#8221; custom_padding=&#8221;3px||27px|||&#8221; global_colors_info=&#8221;{}&#8221;][et_pb_column type=&#8221;4_4&#8243; _builder_version=&#8221;4.21.0&#8243; _module_preset=&#8221;default&#8221; global_colors_info=&#8221;{}&#8221;][et_pb_heading title=&#8221;Brand Partnerships&#8221; _builder_version=&#8221;4.27.4&#8243; _module_preset=&#8221;085d6970-41b3-47ec-a35a-84ddb2eb869b&#8221; title_text_color=&#8221;#EDF000&#8243; custom_margin=&#8221;42px||5px|||&#8221; global_colors_info=&#8221;{}&#8221;][\/et_pb_heading][\/et_pb_column][\/et_pb_row][et_pb_row column_structure=&#8221;1_2,1_2&#8243; _builder_version=&#8221;4.27.4&#8243; _module_preset=&#8221;default&#8221; global_colors_info=&#8221;{}&#8221;][et_pb_column type=&#8221;1_2&#8243; _builder_version=&#8221;4.27.4&#8243; _module_preset=&#8221;default&#8221; global_colors_info=&#8221;{}&#8221;][et_pb_text _builder_version=&#8221;4.27.4&#8243; _module_preset=&#8221;63f41bc4-1d65-473a-8756-b6f1ebc98f7d&#8221; global_colors_info=&#8221;{}&#8221;]<\/p>\n<p>Unser Schl\u00fcssel zur Aufrechterhaltung der Markenliebe und -treue in den lokalen Gemeinschaften ist die Schaffung einer emotionalen Verbindung.<\/p>\n<p>Unser Ziel ist es, mit unseren Formaten und Veranstaltungen eine Plattform zu schaffen, auf der sich Menschen auf Augenh\u00f6he begegnen, voneinander lernen und gemeinsam mit Partnern eine lebendige und inklusive Community aufbauen k\u00f6nnen.<\/p>\n<p>Eine Partnerschaft erm\u00f6glicht es Marken, ihr Engagement f\u00fcr die F\u00f6rderung von Innovation und jungen Talenten authentisch zu demonstrieren.<\/p>\n<h4><strong><\/strong><\/h4>\n<h4><strong><\/strong><\/h4>\n<h4><strong><\/strong><\/h4>\n<h4><strong>Sie m\u00f6chten mehr \u00fcber unsere geplanten Formate und Veranstaltungen in diesem Jahr erfahren?<\/strong><\/h4>\n<p>[\/et_pb_text][et_pb_button button_url=&#8221;@ET-DC@eyJkeW5hbWljIjp0cnVlLCJjb250ZW50IjoicG9zdF9saW5rX3VybF9wYWdlIiwic2V0dGluZ3MiOnsicG9zdF9pZCI6IjM3NyJ9fQ==@&#8221; button_text=&#8221;Contact us&#8221; _builder_version=&#8221;4.27.4&#8243; _dynamic_attributes=&#8221;button_url&#8221; _module_preset=&#8221;7a167231-81a8-47a7-a1c9-2dec0ff75f8f&#8221; button_text_color=&#8221;#EDF000&#8243; button_border_color=&#8221;#EDF000&#8243; global_colors_info=&#8221;{}&#8221; button_bg_color__hover_enabled=&#8221;off|hover&#8221; button_bg_enable_color__hover=&#8221;on&#8221;][\/et_pb_button][\/et_pb_column][et_pb_column type=&#8221;1_2&#8243; _builder_version=&#8221;4.27.4&#8243; _module_preset=&#8221;default&#8221; global_colors_info=&#8221;{}&#8221;][et_pb_image src=&#8221;https:\/\/233comfort.com\/wp-content\/uploads\/2025\/07\/Logo.png&#8221; title_text=&#8221;Logo&#8221; _builder_version=&#8221;4.27.4&#8243; _module_preset=&#8221;default&#8221; global_colors_info=&#8221;{}&#8221;][\/et_pb_image][\/et_pb_column][\/et_pb_row][et_pb_row _builder_version=&#8221;4.27.4&#8243; _module_preset=&#8221;default&#8221; width=&#8221;83.4%&#8221; custom_margin=&#8221;133px|auto||auto||&#8221; custom_padding=&#8221;||27px|||&#8221; global_colors_info=&#8221;{}&#8221;][et_pb_column type=&#8221;4_4&#8243; _builder_version=&#8221;4.21.0&#8243; _module_preset=&#8221;default&#8221; global_colors_info=&#8221;{}&#8221;][et_pb_heading title=&#8221;All Client Projects&#8221; _builder_version=&#8221;4.27.4&#8243; _module_preset=&#8221;085d6970-41b3-47ec-a35a-84ddb2eb869b&#8221; title_text_color=&#8221;#EDF000&#8243; global_colors_info=&#8221;{}&#8221;][\/et_pb_heading][et_pb_text _builder_version=&#8221;4.27.4&#8243; _module_preset=&#8221;default&#8221; global_colors_info=&#8221;{}&#8221;]<\/p>\n<p style=\"text-align: center;\"><strong>Erfahren Sie mehr dar\u00fcber, wie wir Marken zum Erfolg gef\u00fchrt haben<\/strong><\/p>\n<p>[\/et_pb_text][et_pb_button button_url=&#8221;@ET-DC@eyJkeW5hbWljIjp0cnVlLCJjb250ZW50IjoicG9zdF9saW5rX3VybF9wYWdlIiwic2V0dGluZ3MiOnsicG9zdF9pZCI6IjExMyJ9fQ==@&#8221; button_text=&#8221;discover now&#8221; button_alignment=&#8221;center&#8221; _builder_version=&#8221;4.27.4&#8243; _dynamic_attributes=&#8221;button_url&#8221; _module_preset=&#8221;7a167231-81a8-47a7-a1c9-2dec0ff75f8f&#8221; button_text_color=&#8221;#EDF000&#8243; button_border_color=&#8221;#EDF000&#8243; global_colors_info=&#8221;{}&#8221; button_bg_color__hover_enabled=&#8221;off|hover&#8221; button_bg_enable_color__hover=&#8221;on&#8221;][\/et_pb_button][\/et_pb_column][\/et_pb_row][\/et_pb_section][et_pb_section fb_built=&#8221;1&#8243; _builder_version=&#8221;4.27.4&#8243; _module_preset=&#8221;default&#8221; background_color=&#8221;#000000&#8243; custom_padding=&#8221;||||false|false&#8221; global_module=&#8221;224&#8243; saved_tabs=&#8221;all&#8221; global_colors_info=&#8221;{}&#8221;][et_pb_row column_structure=&#8221;1_2,1_2&#8243; _builder_version=&#8221;4.27.4&#8243; _module_preset=&#8221;default&#8221; width=&#8221;95%&#8221; max_width=&#8221;2560px&#8221; module_alignment=&#8221;center&#8221; global_colors_info=&#8221;{}&#8221; custom_margin__hover_enabled=&#8221;off|desktop&#8221;][et_pb_column type=&#8221;1_2&#8243; _builder_version=&#8221;4.27.4&#8243; _module_preset=&#8221;default&#8221; global_colors_info=&#8221;{}&#8221;][et_pb_social_media_follow icon_color=&#8221;#FFFFFF&#8221; _builder_version=&#8221;4.27.4&#8243; _module_preset=&#8221;default&#8221; border_color_all=&#8221;#FFFFFF&#8221; global_colors_info=&#8221;{%22gcid-primary-color%22:%91%22icon_color%22%93}&#8221;][et_pb_social_media_follow_network social_network=&#8221;instagram&#8221; url=&#8221;https:\/\/www.instagram.com\/233c.agency\/&#8221; _builder_version=&#8221;4.27.4&#8243; _module_preset=&#8221;default&#8221; background_color=&#8221;#000000&#8243; global_colors_info=&#8221;{}&#8221; follow_button=&#8221;off&#8221; url_new_window=&#8221;on&#8221;]instagram[\/et_pb_social_media_follow_network][et_pb_social_media_follow_network social_network=&#8221;linkedin&#8221; url=&#8221;https:\/\/www.linkedin.com\/company\/233cagency\/posts\/?feedView=all&#8221; _builder_version=&#8221;4.27.4&#8243; _module_preset=&#8221;default&#8221; background_color=&#8221;#007bb6&#8243; global_colors_info=&#8221;{}&#8221; follow_button=&#8221;off&#8221; url_new_window=&#8221;on&#8221;]linkedin[\/et_pb_social_media_follow_network][\/et_pb_social_media_follow][\/et_pb_column][et_pb_column type=&#8221;1_2&#8243; _builder_version=&#8221;4.27.4&#8243; _module_preset=&#8221;default&#8221; global_colors_info=&#8221;{}&#8221;][et_pb_text _builder_version=&#8221;4.27.4&#8243; _module_preset=&#8221;default&#8221; text_font=&#8221;Satoshi Light||||||||&#8221; text_text_color=&#8221;#a3a3a3&#8243; text_font_size=&#8221;14px&#8221; text_letter_spacing=&#8221;3px&#8221; global_colors_info=&#8221;{}&#8221;]<\/p>\n<p style=\"text-align: right;\"><a href=\"https:\/\/233comfort.com\/de\/agb\/\">AGB<\/a>\u00a0 \u00a0 \u00a0 <a href=\"https:\/\/233comfort.com\/de\/datenschutz\/\">DATENSCHUTZ<\/a>\u00a0 \u00a0 | \u00a9 2025 +233c<\/p>\n<p>[\/et_pb_text][\/et_pb_column][\/et_pb_row][\/et_pb_section]<\/p>","protected":false},"excerpt":{"rendered":"<p>Our work is based on the recognition and integration of cultures and communities in a respectful and sensible form.At +233c, our mission is to empower brands to embrace cultural diversity and drive innovation through authentic, lifestyle-integrated strategies.\u00a0We believe in promoting meaningful connections between brands and communities and fostering empathy and understanding while driving growth and [&hellip;]<\/p>","protected":false},"author":1,"featured_media":0,"parent":0,"menu_order":0,"comment_status":"closed","ping_status":"closed","template":"page-template-blank.php","meta":{"_et_pb_use_builder":"on","_et_pb_old_content":"","_et_gb_content_width":"","footnotes":""},"class_list":["post-344","page","type-page","status-publish","hentry"],"_links":{"self":[{"href":"https:\/\/233comfort.com\/de\/wp-json\/wp\/v2\/pages\/344","targetHints":{"allow":["GET"]}}],"collection":[{"href":"https:\/\/233comfort.com\/de\/wp-json\/wp\/v2\/pages"}],"about":[{"href":"https:\/\/233comfort.com\/de\/wp-json\/wp\/v2\/types\/page"}],"author":[{"embeddable":true,"href":"https:\/\/233comfort.com\/de\/wp-json\/wp\/v2\/users\/1"}],"replies":[{"embeddable":true,"href":"https:\/\/233comfort.com\/de\/wp-json\/wp\/v2\/comments?post=344"}],"version-history":[{"count":0,"href":"https:\/\/233comfort.com\/de\/wp-json\/wp\/v2\/pages\/344\/revisions"}],"wp:attachment":[{"href":"https:\/\/233comfort.com\/de\/wp-json\/wp\/v2\/media?parent=344"}],"curies":[{"name":"wp","href":"https:\/\/api.w.org\/{rel}","templated":true}]}}